{"id":859,"date":"2022-11-10T14:24:18","date_gmt":"2022-11-10T14:24:18","guid":{"rendered":"https:\/\/rabihsabbah.wixsite.com\/website\/blank-2"},"modified":"2023-02-13T18:40:20","modified_gmt":"2023-02-13T18:40:20","slug":"nos-produits","status":"publish","type":"page","link":"https:\/\/gmsiafri.com\/en_us\/nos-produits\/","title":{"rendered":"Our Product"},"content":{"rendered":"<p class=\"has-text-align-justify\">If you are looking for high-end medical equipment at an affordable price, GMSI is the medical equipment supplier for you. We are the reference address for medical equipment adapted to all your needs. PACS, SIH, Radiology, Laboratory, ICU, NICU and operating. At GMSI, your interests are our priority, and we make every effort to satisfy you. Browse our inventory and contact us.<\/p>\n\n\n\n<div class=\"wp-block-columns alignfull is-layout-flex wp-container-core-columns-is-layout-28f84493 wp-block-columns-is-layout-flex\">\n<div class=\"wp-block-column is-layout-flow wp-block-column-is-layout-flow\"><div class=\"wp-block-image\">\n<figure class=\"aligncenter is-resized\"><img data-recalc-dims=\"1\" loading=\"lazy\" decoding=\"async\" src=\"https:\/\/i0.wp.com\/gmsiafri.com\/wp-content\/uploads\/2022\/11\/fe901-655605_99b286e33f844addab464b32c9770935mv2.jpg?resize=403%2C481&#038;ssl=1\" alt=\"Annotation-images-de-sante-scaled.jpg\" width=\"403\" height=\"481\"\/><\/figure><\/div>\n\n\n<h4 class=\"has-text-align-center wp-block-heading\">Medical consultancy<\/h4>\n\n\n\n<p class=\"has-text-align-justify\">Everything related to hospitals and clinics, from construction to medical devices installation (Construction from A to Z).<\/p>\n<\/div>\n\n\n\n<div class=\"wp-block-column is-layout-flow wp-block-column-is-layout-flow\"><div class=\"wp-block-image\">\n<figure class=\"aligncenter is-resized\"><img data-recalc-dims=\"1\" loading=\"lazy\" decoding=\"async\" src=\"https:\/\/i0.wp.com\/gmsiafri.com\/wp-content\/uploads\/2022\/11\/31704-655605_3d02b1c8c1db476e8eca683c5a785d3emv2.jpg?resize=403%2C481&#038;ssl=1\" alt=\"vente-services-professionnels-660x400.jpg\" width=\"403\" height=\"481\"\/><\/figure><\/div>\n\n\n<h4 class=\"has-text-align-center wp-block-heading\">Purchase and sale of medical devices<\/h4>\n\n\n\n<p class=\"has-text-align-justify\">We offer the best medical devices at the best prices, to meet your needs.<\/p>\n<\/div>\n\n\n\n<div class=\"wp-block-column is-layout-flow wp-block-column-is-layout-flow\"><div class=\"wp-block-image\">\n<figure class=\"aligncenter is-resized\"><img data-recalc-dims=\"1\" loading=\"lazy\" decoding=\"async\" src=\"https:\/\/i0.wp.com\/gmsiafri.com\/wp-content\/uploads\/2022\/11\/3bb84-655605_658674ca195b425e88bc89ec0cb27dffmv2.jpg?resize=403%2C481&#038;ssl=1\" alt=\"sav-image.jpg\" width=\"403\" height=\"481\"\/><\/figure><\/div>\n\n\n<h4 class=\"has-text-align-center wp-block-heading\">After-sales services<\/h4>\n\n\n\n<p class=\"has-text-align-center\">Diagnosis and repair of medical devices.<\/p>\n<\/div>\n<\/div>\n\n\n\n<h2 class=\"has-text-align-center wp-block-heading\">Medial equipment<\/h2>\n\n\n\n<p>We offer the best medical devices at the best prices, to meet your needs.<\/p>\n\n\n\n<div class=\"wp-block-columns alignfull is-layout-flex wp-container-core-columns-is-layout-28f84493 wp-block-columns-is-layout-flex\">\n<div class=\"wp-block-column is-vertically-aligned-top has-background is-layout-flow wp-block-column-is-layout-flow\" style=\"background-color:#20613c69;flex-basis:50%\">\n<h3 class=\"has-text-align-center wp-block-heading\">PACS<\/h3>\n\n\n\n<div class=\"wp-block-buttons alignfull is-content-justification-center is-layout-flex wp-container-core-buttons-is-layout-a89b3969 wp-block-buttons-is-layout-flex\">\n<div class=\"wp-block-button is-style-fill\"><a class=\"wp-block-button__link wp-element-button\" href=\"https:\/\/gmsiafri.com\/contactez-nous\/\">Clique ici pour r\u00e9server votre d\u00e9monstration  pour ULTIMA<\/a><\/div>\n<\/div>\n\n\n<div class=\"wp-block-image\">\n<figure class=\"aligncenter size-large\"><img data-recalc-dims=\"1\" decoding=\"async\" src=\"https:\/\/i0.wp.com\/gmsiafri.com\/wp-content\/uploads\/2022\/11\/ultima-b100n-picture.png?w=750&#038;ssl=1\" alt=\"\" class=\"wp-image-1149\"\/><\/figure><\/div>\n\n\n<p class=\"has-text-align-justify\">&nbsp;The Ultima range is dedicated to the digitization of medical imaging data. It offers a complete range of solutions for burning, archiving, printing and sharing DICOM. It allows healthcare professionals (radiologists, service managers and technicians) to save time in administrative management while guaranteeing the fidelity, integrity and optimal monitoring of patient data.&nbsp;<\/p>\n<\/div>\n\n\n\n<div class=\"wp-block-column has-background is-layout-flow wp-block-column-is-layout-flow\" style=\"background-color:#20613c69;flex-basis:50%\">\n<h3 class=\"has-text-align-center wp-block-heading\">HIS<\/h3>\n\n\n<div class=\"wp-block-image\">\n<figure class=\"aligncenter size-large is-resized\"><img data-recalc-dims=\"1\" loading=\"lazy\" decoding=\"async\" src=\"https:\/\/i0.wp.com\/gmsiafri.com\/wp-content\/uploads\/2022\/11\/his-1.jpg?resize=709%2C408&#038;ssl=1\" alt=\"\" class=\"wp-image-1139\" width=\"709\" height=\"408\" srcset=\"https:\/\/i0.wp.com\/gmsiafri.com\/wp-content\/uploads\/2022\/11\/his-1.jpg?w=1196&amp;ssl=1 1196w, https:\/\/i0.wp.com\/gmsiafri.com\/wp-content\/uploads\/2022\/11\/his-1.jpg?resize=300%2C173&amp;ssl=1 300w, https:\/\/i0.wp.com\/gmsiafri.com\/wp-content\/uploads\/2022\/11\/his-1.jpg?resize=1024%2C589&amp;ssl=1 1024w, https:\/\/i0.wp.com\/gmsiafri.com\/wp-content\/uploads\/2022\/11\/his-1.jpg?resize=768%2C442&amp;ssl=1 768w\" sizes=\"auto, (max-width: 709px) 100vw, 709px\" \/><\/figure><\/div>\n\n\n<ul class=\"wp-block-list\">\n<li>Organizational management software<\/li>\n\n\n\n<li>Medical resource management platform<\/li>\n\n\n\n<li>Dashboard and statistics<\/li>\n\n\n\n<li>Patient accounting management<\/li>\n\n\n\n<li>Follow-up of the patient from A to Z, from his admission to the hospital until his discharge&nbsp;<\/li>\n<\/ul>\n<\/div>\n<\/div>\n\n\n\n<div class=\"wp-block-columns alignfull is-layout-flex wp-container-core-columns-is-layout-28f84493 wp-block-columns-is-layout-flex\">\n<div class=\"wp-block-column is-vertically-aligned-top has-background is-layout-flow wp-block-column-is-layout-flow\" style=\"background-color:#20613c69;flex-basis:50%\">\n<h3 class=\"has-text-align-center wp-block-heading\">Imaging<\/h3>\n\n\n<div class=\"wp-block-image\">\n<figure class=\"aligncenter is-resized\"><img data-recalc-dims=\"1\" loading=\"lazy\" decoding=\"async\" src=\"https:\/\/i0.wp.com\/gmsiafri.com\/wp-content\/uploads\/2022\/11\/a8597-655605_f670a3e0b3a7413d8b4701dc36b832e3mv2.jpg?resize=615%2C442&#038;ssl=1\" alt=\"medical-imaging.jpg\" width=\"615\" height=\"442\"\/><\/figure><\/div>\n\n\n<ul class=\"wp-block-list\">\n<li>Ultrasound<\/li>\n\n\n\n<li>Routine Xray<\/li>\n\n\n\n<li>Fluoroscopy<\/li>\n\n\n\n<li>Mobile and portable Xray<\/li>\n\n\n\n<li>DR system (flat panel)<\/li>\n\n\n\n<li>Scanner - MRI<\/li>\n\n\n\n<li>other.<\/li>\n<\/ul>\n<\/div>\n\n\n\n<div class=\"wp-block-column is-vertically-aligned-top has-background is-layout-flow wp-block-column-is-layout-flow\" style=\"background-color:#20613c69;flex-basis:50%\">\n<h3 class=\"has-text-align-center wp-block-heading\">Laboratory<\/h3>\n\n\n<div class=\"wp-block-image\">\n<figure class=\"aligncenter is-resized\"><img data-recalc-dims=\"1\" loading=\"lazy\" decoding=\"async\" src=\"https:\/\/i0.wp.com\/gmsiafri.com\/wp-content\/uploads\/2022\/11\/2a45c-655605_829c506e02d54aa4a5bd0a3fbff65261mv2.jpeg?resize=680%2C452&#038;ssl=1\" alt=\"LAB.jpeg\" width=\"680\" height=\"452\"\/><\/figure><\/div>\n\n\n<ul class=\"wp-block-list\">\n<li>Automatic hematology analyzer<\/li>\n\n\n\n<li>Clinical chemistry analyzer<\/li>\n\n\n\n<li>Semi-automatic coagulation analyzer<\/li>\n\n\n\n<li>spectrophotometer<\/li>\n\n\n\n<li>Incubator<\/li>\n\n\n\n<li>Centrifuge<\/li>\n\n\n\n<li>Microscope<\/li>\n\n\n\n<li>Mixer<\/li>\n\n\n\n<li>other.<\/li>\n<\/ul>\n<\/div>\n<\/div>\n\n\n\n<div class=\"wp-block-columns alignfull is-layout-flex wp-container-core-columns-is-layout-28f84493 wp-block-columns-is-layout-flex\">\n<div class=\"wp-block-column is-vertically-aligned-top has-background is-layout-flow wp-block-column-is-layout-flow\" style=\"background-color:#20613c69;flex-basis:50%\">\n<h3 class=\"wp-block-heading\">ICU, NICU, Operating room<\/h3>\n\n\n<div class=\"wp-block-image\">\n<figure class=\"aligncenter size-large is-resized\"><img data-recalc-dims=\"1\" loading=\"lazy\" decoding=\"async\" src=\"https:\/\/i0.wp.com\/gmsiafri.com\/wp-content\/uploads\/2022\/11\/salle-op.jpg?resize=607%2C300&#038;ssl=1\" alt=\"\" class=\"wp-image-1154\" width=\"607\" height=\"300\"\/><\/figure><\/div>\n\n\n<ul class=\"wp-block-list\">\n<li>Anesthesia<\/li>\n\n\n\n<li>Defibrillator<\/li>\n\n\n\n<li>Monitor<\/li>\n\n\n\n<li>Syringe and infusion pump<\/li>\n\n\n\n<li>OR Lamp<\/li>\n\n\n\n<li>ESU<\/li>\n\n\n\n<li>other.<\/li>\n<\/ul>\n<\/div>\n\n\n\n<div class=\"wp-block-column is-vertically-aligned-top has-background is-layout-flow wp-block-column-is-layout-flow\" style=\"background-color:#20613c69;flex-basis:50%\">\n<h3 class=\"has-text-align-center wp-block-heading\">Various equipment<\/h3>\n\n\n<div class=\"wp-block-image\">\n<figure class=\"aligncenter size-large is-resized\"><img data-recalc-dims=\"1\" loading=\"lazy\" decoding=\"async\" src=\"https:\/\/i0.wp.com\/gmsiafri.com\/wp-content\/uploads\/2022\/11\/divers-1.jpg?resize=460%2C303&#038;ssl=1\" alt=\"\" class=\"wp-image-1153\" width=\"460\" height=\"303\"\/><\/figure><\/div>\n\n\n<ul class=\"wp-block-list\">\n<li>ECG<\/li>\n\n\n\n<li>Nurse call<\/li>\n\n\n\n<li> Autoclave<\/li>\n\n\n\n<li>Dental Chair<\/li>\n\n\n\n<li>other.<\/li>\n<\/ul>\n<\/div>\n<\/div>\n\n\n\n<div class=\"wp-block-buttons is-layout-flex wp-block-buttons-is-layout-flex\"><\/div>","protected":false},"excerpt":{"rendered":"<p>Si vous cherchez un \u00e9quipement m\u00e9dical haut de gamme \u00e0 un prix abordable, GMSI est le Fournisseur d&rsquo;\u00e9quipement m\u00e9dical qu&rsquo;il vous faut. Nous sommes l&rsquo;adresse de r\u00e9f\u00e9rence pour un mat\u00e9riel m\u00e9dical adapt\u00e9 \u00e0 tous vos besoins. PACS, SIH, Radiologie, Laboratoire, soin-intensif et op\u00e9ratoire. Chez GMSI, vos int\u00e9r\u00eats sont notre priorit\u00e9 et nous mettons tout en<a class=\"more-link\" href=\"https:\/\/gmsiafri.com\/en_us\/nos-produits\/\">Continue reading <span class=\"screen-reader-text\">\u00ab\u00a0Nos produits Disponibles\u00a0\u00bb<\/span><\/a><\/p>","protected":false},"author":1,"featured_media":0,"parent":0,"menu_order":0,"comment_status":"closed","ping_status":"closed","template":"","meta":{"footnotes":""},"class_list":["post-859","page","type-page","status-publish","hentry","entry"],"jetpack_sharing_enabled":true,"_links":{"self":[{"href":"https:\/\/gmsiafri.com\/en_us\/wp-json\/wp\/v2\/pages\/859","targetHints":{"allow":["GET"]}}],"collection":[{"href":"https:\/\/gmsiafri.com\/en_us\/wp-json\/wp\/v2\/pages"}],"about":[{"href":"https:\/\/gmsiafri.com\/en_us\/wp-json\/wp\/v2\/types\/page"}],"author":[{"embeddable":true,"href":"https:\/\/gmsiafri.com\/en_us\/wp-json\/wp\/v2\/users\/1"}],"replies":[{"embeddable":true,"href":"https:\/\/gmsiafri.com\/en_us\/wp-json\/wp\/v2\/comments?post=859"}],"version-history":[{"count":4,"href":"https:\/\/gmsiafri.com\/en_us\/wp-json\/wp\/v2\/pages\/859\/revisions"}],"predecessor-version":[{"id":1269,"href":"https:\/\/gmsiafri.com\/en_us\/wp-json\/wp\/v2\/pages\/859\/revisions\/1269"}],"wp:attachment":[{"href":"https:\/\/gmsiafri.com\/en_us\/wp-json\/wp\/v2\/media?parent=859"}],"curies":[{"name":"wp","href":"https:\/\/api.w.org\/{rel}","templated":true}]}}